{"id":663,"date":"2025-01-30T17:00:43","date_gmt":"2025-01-30T17:00:43","guid":{"rendered":"https:\/\/petridemosite.com.ar\/ema-servicios\/?page_id=663"},"modified":"2026-03-02T13:44:37","modified_gmt":"2026-03-02T13:44:37","slug":"gestion-it","status":"publish","type":"page","link":"https:\/\/petridemosite.com.ar\/ema-servicios\/servicios\/gestion-it\/","title":{"rendered":"Gesti\u00f3n IT"},"content":{"rendered":"\t\t<div data-elementor-type=\"wp-page\" data-elementor-id=\"663\" class=\"elementor elementor-663\" data-elementor-post-type=\"page\">\n\t\t\t\t<div class=\"elementor-element elementor-element-f5622ef e-flex e-con-boxed e-con e-parent\" data-id=\"f5622ef\" data-element_type=\"container\" data-settings=\"{&quot;background_background&quot;:&quot;classic&quot;}\">\n\t\t\t\t\t<div class=\"e-con-inner\">\n\t\t<div class=\"elementor-element elementor-element-62db0cc e-con-full e-flex elementor-invisible e-con e-child\" data-id=\"62db0cc\" data-element_type=\"container\" data-settings=\"{&quot;animation&quot;:&quot;fadeIn&quot;}\">\n\t\t\t\t<div class=\"elementor-element elementor-element-5eb7439 elementor-widget elementor-widget-heading\" data-id=\"5eb7439\" data-element_type=\"widget\" data-settings=\"{&quot;_animation&quot;:&quot;none&quot;}\" data-widget_type=\"heading.default\">\n\t\t\t\t<div class=\"elementor-widget-container\">\n\t\t\t\t\t<h2 class=\"elementor-heading-title elementor-size-default\">Gesti\u00f3n IT<\/h2>\t\t\t\t<\/div>\n\t\t\t\t<\/div>\n\t\t\t\t<\/div>\n\t\t\t\t\t<\/div>\n\t\t\t\t<\/div>\n\t\t<div class=\"elementor-element elementor-element-f53a9bd e-flex e-con-boxed elementor-invisible e-con e-parent\" data-id=\"f53a9bd\" data-element_type=\"container\" data-settings=\"{&quot;background_background&quot;:&quot;classic&quot;,&quot;animation&quot;:&quot;slideInUp&quot;}\">\n\t\t\t\t\t<div class=\"e-con-inner\">\n\t\t<div class=\"elementor-element elementor-element-dad79f6 e-con-full e-flex e-con e-child\" data-id=\"dad79f6\" data-element_type=\"container\">\n\t\t<div class=\"elementor-element elementor-element-f038cbb e-con-full e-flex e-con e-child\" data-id=\"f038cbb\" data-element_type=\"container\">\n\t\t\t\t<div class=\"elementor-element elementor-element-c98bffc elementor-widget elementor-widget-heading\" data-id=\"c98bffc\" data-element_type=\"widget\" data-widget_type=\"heading.default\">\n\t\t\t\t<div class=\"elementor-widget-container\">\n\t\t\t\t\t<h2 class=\"elementor-heading-title elementor-size-default\">\u00c1rea de IT y Desarrollo Tecnol\u00f3gico<\/h2>\t\t\t\t<\/div>\n\t\t\t\t<\/div>\n\t\t\t\t<div class=\"elementor-element elementor-element-df142e9 elementor-widget elementor-widget-text-editor\" data-id=\"df142e9\" data-element_type=\"widget\" data-widget_type=\"text-editor.default\">\n\t\t\t\t<div class=\"elementor-widget-container\">\n\t\t\t\t\t\t\t\t\t<p>En <strong>EMA Servicios S.A.<\/strong> contamos con un <strong>Departamento de IT<\/strong> especializado en el <strong>dise\u00f1o, desarrollo e implementaci\u00f3n de sistemas y aplicaciones propias<\/strong>, orientadas a optimizar la operaci\u00f3n, la trazabilidad y la eficiencia de todos nuestros servicios.<\/p><p>Nuestra capacidad tecnol\u00f3gica nos permite <strong>adaptar las herramientas a las necesidades espec\u00edficas de cada cliente o proyecto<\/strong>, integrando innovaci\u00f3n, control y transparencia en cada etapa del trabajo.<\/p>\t\t\t\t\t\t\t\t<\/div>\n\t\t\t\t<\/div>\n\t\t\t\t<div class=\"elementor-element elementor-element-d88107b elementor-widget elementor-widget-heading\" data-id=\"d88107b\" data-element_type=\"widget\" data-widget_type=\"heading.default\">\n\t\t\t\t<div class=\"elementor-widget-container\">\n\t\t\t\t\t<h2 class=\"elementor-heading-title elementor-size-default\">Soluciones Tecnol\u00f3gicas a Medida<\/h2>\t\t\t\t<\/div>\n\t\t\t\t<\/div>\n\t\t\t\t<div class=\"elementor-element elementor-element-836c8a8 elementor-widget elementor-widget-text-editor\" data-id=\"836c8a8\" data-element_type=\"widget\" data-widget_type=\"text-editor.default\">\n\t\t\t\t<div class=\"elementor-widget-container\">\n\t\t\t\t\t\t\t\t\tEl \u00e1rea de IT desarrolla y mantiene soluciones personalizadas que acompa\u00f1an la gesti\u00f3n operativa de nuestros servicios principales:\n<ul style=\"padding-left: 1em; margin-left: 1em;\">\n \t<li><strong>Aplicaciones m\u00f3viles para campo:<\/strong> permiten el relevamiento, control y trazabilidad en tiempo real de cuadrillas y tareas (instalaciones, lecturas, inspecciones, entregas).<\/li>\n \t<li><strong>Sistemas de trazabilidad y geolocalizaci\u00f3n:<\/strong> registro autom\u00e1tico de recorridos, tiempos, ubicaciones y evidencia fotogr\u00e1fica de cada operaci\u00f3n.<\/li>\n \t<li><strong>Plataformas de seguimiento satelital de cuadrillas:<\/strong> monitoreo en vivo, control de productividad y an\u00e1lisis de desempe\u00f1o.<\/li>\n \t<li><strong>Sistemas de gesti\u00f3n y control operativo:<\/strong> integraci\u00f3n de datos de campo, generaci\u00f3n de reportes autom\u00e1ticos y dashboards personalizados.<\/li>\n \t<li><strong>Interfaz con sistemas comerciales o administrativos del cliente<\/strong>, facilitando la transferencia y validaci\u00f3n de datos en tiempo real.<\/li>\n<\/ul>\t\t\t\t\t\t\t\t<\/div>\n\t\t\t\t<\/div>\n\t\t\t\t<div class=\"elementor-element elementor-element-a5d9cae elementor-widget elementor-widget-heading\" data-id=\"a5d9cae\" data-element_type=\"widget\" data-widget_type=\"heading.default\">\n\t\t\t\t<div class=\"elementor-widget-container\">\n\t\t\t\t\t<h2 class=\"elementor-heading-title elementor-size-default\">Beneficios del Desarrollo Interno<\/h2>\t\t\t\t<\/div>\n\t\t\t\t<\/div>\n\t\t\t\t<div class=\"elementor-element elementor-element-ef55060 elementor-widget__width-inherit elementor-icon-list--layout-traditional elementor-list-item-link-full_width elementor-widget elementor-widget-icon-list\" data-id=\"ef55060\" data-element_type=\"widget\" data-widget_type=\"icon-list.default\">\n\t\t\t\t<div class=\"elementor-widget-container\">\n\t\t\t\t\t\t\t<ul class=\"elementor-icon-list-items\">\n\t\t\t\t\t\t\t<li class=\"elementor-icon-list-item\">\n\t\t\t\t\t\t\t\t\t\t\t<span class=\"elementor-icon-list-icon\">\n\t\t\t\t\t\t\t<svg aria-hidden=\"true\" class=\"e-font-icon-svg e-fas-check-circle\" viewBox=\"0 0 512 512\" xmlns=\"http:\/\/www.w3.org\/2000\/svg\"><path d=\"M504 256c0 136.967-111.033 248-248 248S8 392.967 8 256 119.033 8 256 8s248 111.033 248 248zM227.314 387.314l184-184c6.248-6.248 6.248-16.379 0-22.627l-22.627-22.627c-6.248-6.249-16.379-6.249-22.628 0L216 308.118l-70.059-70.059c-6.248-6.248-16.379-6.248-22.628 0l-22.627 22.627c-6.248 6.248-6.248 16.379 0 22.627l104 104c6.249 6.249 16.379 6.249 22.628.001z\"><\/path><\/svg>\t\t\t\t\t\t<\/span>\n\t\t\t\t\t\t\t\t\t\t<span class=\"elementor-icon-list-text\">Mayor <b>flexibilidad<\/b> para adaptar herramientas a requerimientos t\u00e9cnicos o contractuales.<\/span>\n\t\t\t\t\t\t\t\t\t<\/li>\n\t\t\t\t\t\t\t\t<li class=\"elementor-icon-list-item\">\n\t\t\t\t\t\t\t\t\t\t\t<span class=\"elementor-icon-list-icon\">\n\t\t\t\t\t\t\t<svg aria-hidden=\"true\" class=\"e-font-icon-svg e-fas-check-circle\" viewBox=\"0 0 512 512\" xmlns=\"http:\/\/www.w3.org\/2000\/svg\"><path d=\"M504 256c0 136.967-111.033 248-248 248S8 392.967 8 256 119.033 8 256 8s248 111.033 248 248zM227.314 387.314l184-184c6.248-6.248 6.248-16.379 0-22.627l-22.627-22.627c-6.248-6.249-16.379-6.249-22.628 0L216 308.118l-70.059-70.059c-6.248-6.248-16.379-6.248-22.628 0l-22.627 22.627c-6.248 6.248-6.248 16.379 0 22.627l104 104c6.249 6.249 16.379 6.249 22.628.001z\"><\/path><\/svg>\t\t\t\t\t\t<\/span>\n\t\t\t\t\t\t\t\t\t\t<span class=\"elementor-icon-list-text\"><b>Actualizaci\u00f3n constante<\/b> de las aplicaciones seg\u00fan la evoluci\u00f3n de los servicios.<\/span>\n\t\t\t\t\t\t\t\t\t<\/li>\n\t\t\t\t\t\t\t\t<li class=\"elementor-icon-list-item\">\n\t\t\t\t\t\t\t\t\t\t\t<span class=\"elementor-icon-list-icon\">\n\t\t\t\t\t\t\t<svg aria-hidden=\"true\" class=\"e-font-icon-svg e-fas-check-circle\" viewBox=\"0 0 512 512\" xmlns=\"http:\/\/www.w3.org\/2000\/svg\"><path d=\"M504 256c0 136.967-111.033 248-248 248S8 392.967 8 256 119.033 8 256 8s248 111.033 248 248zM227.314 387.314l184-184c6.248-6.248 6.248-16.379 0-22.627l-22.627-22.627c-6.248-6.249-16.379-6.249-22.628 0L216 308.118l-70.059-70.059c-6.248-6.248-16.379-6.248-22.628 0l-22.627 22.627c-6.248 6.248-6.248 16.379 0 22.627l104 104c6.249 6.249 16.379 6.249 22.628.001z\"><\/path><\/svg>\t\t\t\t\t\t<\/span>\n\t\t\t\t\t\t\t\t\t\t<span class=\"elementor-icon-list-text\"><b>Respuesta inmediata<\/b> ante incidencias o nuevas necesidades.<\/span>\n\t\t\t\t\t\t\t\t\t<\/li>\n\t\t\t\t\t\t\t\t<li class=\"elementor-icon-list-item\">\n\t\t\t\t\t\t\t\t\t\t\t<span class=\"elementor-icon-list-icon\">\n\t\t\t\t\t\t\t<svg aria-hidden=\"true\" class=\"e-font-icon-svg e-fas-check-circle\" viewBox=\"0 0 512 512\" xmlns=\"http:\/\/www.w3.org\/2000\/svg\"><path d=\"M504 256c0 136.967-111.033 248-248 248S8 392.967 8 256 119.033 8 256 8s248 111.033 248 248zM227.314 387.314l184-184c6.248-6.248 6.248-16.379 0-22.627l-22.627-22.627c-6.248-6.249-16.379-6.249-22.628 0L216 308.118l-70.059-70.059c-6.248-6.248-16.379-6.248-22.628 0l-22.627 22.627c-6.248 6.248-6.248 16.379 0 22.627l104 104c6.249 6.249 16.379 6.249 22.628.001z\"><\/path><\/svg>\t\t\t\t\t\t<\/span>\n\t\t\t\t\t\t\t\t\t\t<span class=\"elementor-icon-list-text\"><b>Seguridad y control total <\/b>sobre los datos y procesos.<\/span>\n\t\t\t\t\t\t\t\t\t<\/li>\n\t\t\t\t\t\t\t\t<li class=\"elementor-icon-list-item\">\n\t\t\t\t\t\t\t\t\t\t\t<span class=\"elementor-icon-list-icon\">\n\t\t\t\t\t\t\t<svg aria-hidden=\"true\" class=\"e-font-icon-svg e-fas-check-circle\" viewBox=\"0 0 512 512\" xmlns=\"http:\/\/www.w3.org\/2000\/svg\"><path d=\"M504 256c0 136.967-111.033 248-248 248S8 392.967 8 256 119.033 8 256 8s248 111.033 248 248zM227.314 387.314l184-184c6.248-6.248 6.248-16.379 0-22.627l-22.627-22.627c-6.248-6.249-16.379-6.249-22.628 0L216 308.118l-70.059-70.059c-6.248-6.248-16.379-6.248-22.628 0l-22.627 22.627c-6.248 6.248-6.248 16.379 0 22.627l104 104c6.249 6.249 16.379 6.249 22.628.001z\"><\/path><\/svg>\t\t\t\t\t\t<\/span>\n\t\t\t\t\t\t\t\t\t\t<span class=\"elementor-icon-list-text\"><b>Optimizaci\u00f3n continua<\/b> de la productividad y la trazabilidad.<\/span>\n\t\t\t\t\t\t\t\t\t<\/li>\n\t\t\t\t\t\t<\/ul>\n\t\t\t\t\t\t<\/div>\n\t\t\t\t<\/div>\n\t\t\t\t<div class=\"elementor-element elementor-element-ef1029e elementor-widget elementor-widget-heading\" data-id=\"ef1029e\" data-element_type=\"widget\" data-widget_type=\"heading.default\">\n\t\t\t\t<div class=\"elementor-widget-container\">\n\t\t\t\t\t<h2 class=\"elementor-heading-title elementor-size-default\">Innovaci\u00f3n que impulsa la eficiencia<\/h2>\t\t\t\t<\/div>\n\t\t\t\t<\/div>\n\t\t\t\t<div class=\"elementor-element elementor-element-ed99535 elementor-widget elementor-widget-text-editor\" data-id=\"ed99535\" data-element_type=\"widget\" data-widget_type=\"text-editor.default\">\n\t\t\t\t<div class=\"elementor-widget-container\">\n\t\t\t\t\t\t\t\t\t<p>Nuestro compromiso con la innovaci\u00f3n tecnol\u00f3gica nos permite ofrecer <strong>servicios m\u00e1s r\u00e1pidos, precisos y transparentes<\/strong>, fortaleciendo la comunicaci\u00f3n entre campo, oficina y cliente.<\/p><p>Cada desarrollo tecnol\u00f3gico tiene un prop\u00f3sito com\u00fan: <strong>mejorar la eficiencia operativa y garantizar resultados confiables<\/strong>.<\/p>\t\t\t\t\t\t\t\t<\/div>\n\t\t\t\t<\/div>\n\t\t\t\t<\/div>\n\t\t\t\t<\/div>\n\t\t\t\t\t<\/div>\n\t\t\t\t<\/div>\n\t\t<div class=\"elementor-element elementor-element-215f8a8 e-flex e-con-boxed e-con e-parent\" data-id=\"215f8a8\" data-element_type=\"container\">\n\t\t\t\t\t<div class=\"e-con-inner\">\n\t\t\t\t<div class=\"elementor-element elementor-element-11506ac elementor-widget elementor-widget-image\" data-id=\"11506ac\" data-element_type=\"widget\" data-widget_type=\"image.default\">\n\t\t\t\t<div class=\"elementor-widget-container\">\n\t\t\t\t\t\t\t\t\t\t\t\t\t\t\t<img fetchpriority=\"high\" decoding=\"async\" width=\"1024\" height=\"501\" src=\"https:\/\/petridemosite.com.ar\/ema-servicios\/wp-content\/uploads\/2026\/03\/psm-1024x501.png\" class=\"attachment-large size-large wp-image-2577\" alt=\"\" srcset=\"https:\/\/petridemosite.com.ar\/ema-servicios\/wp-content\/uploads\/2026\/03\/psm-1024x501.png 1024w, https:\/\/petridemosite.com.ar\/ema-servicios\/wp-content\/uploads\/2026\/03\/psm-300x147.png 300w, https:\/\/petridemosite.com.ar\/ema-servicios\/wp-content\/uploads\/2026\/03\/psm-768x376.png 768w, https:\/\/petridemosite.com.ar\/ema-servicios\/wp-content\/uploads\/2026\/03\/psm-1536x751.png 1536w, https:\/\/petridemosite.com.ar\/ema-servicios\/wp-content\/uploads\/2026\/03\/psm-2048x1002.png 2048w\" sizes=\"(max-width: 1024px) 100vw, 1024px\" \/>\t\t\t\t\t\t\t\t\t\t\t\t\t\t\t<\/div>\n\t\t\t\t<\/div>\n\t\t\t\t\t<\/div>\n\t\t\t\t<\/div>\n\t\t\t\t<\/div>\n\t\t","protected":false},"excerpt":{"rendered":"<p>Gesti\u00f3n IT \u00c1rea de IT y Desarrollo Tecnol\u00f3gico En EMA Servicios S.A. contamos con un Departamento de IT especializado en el dise\u00f1o, desarrollo e implementaci\u00f3n de sistemas y aplicaciones propias, orientadas a optimizar la operaci\u00f3n, la trazabilidad y la eficiencia de todos nuestros servicios. Nuestra capacidad tecnol\u00f3gica nos permite adaptar las herramientas a las necesidades&hellip;&nbsp;<a href=\"https:\/\/petridemosite.com.ar\/ema-servicios\/servicios\/gestion-it\/\" rel=\"bookmark\">Leer m\u00e1s &raquo;<span class=\"screen-reader-text\">Gesti\u00f3n IT<\/span><\/a><\/p>\n","protected":false},"author":1,"featured_media":0,"parent":2,"menu_order":0,"comment_status":"closed","ping_status":"closed","template":"page-templates\/template-pagebuilder-full-width.php","meta":{"_siteseo_robots_primary_cat":"","pagelayer_contact_templates":[],"_pagelayer_content":"","neve_meta_sidebar":"default","neve_meta_container":"full-width","neve_meta_enable_content_width":"","neve_meta_content_width":0,"neve_meta_title_alignment":"","neve_meta_author_avatar":"","neve_post_elements_order":"","neve_meta_disable_header":"","neve_meta_disable_footer":"","neve_meta_disable_title":"on","neve_meta_reading_time":"","_themeisle_gutenberg_block_has_review":false,"footnotes":""},"class_list":["post-663","page","type-page","status-publish","hentry"],"_links":{"self":[{"href":"https:\/\/petridemosite.com.ar\/ema-servicios\/wp-json\/wp\/v2\/pages\/663","targetHints":{"allow":["GET"]}}],"collection":[{"href":"https:\/\/petridemosite.com.ar\/ema-servicios\/wp-json\/wp\/v2\/pages"}],"about":[{"href":"https:\/\/petridemosite.com.ar\/ema-servicios\/wp-json\/wp\/v2\/types\/page"}],"author":[{"embeddable":true,"href":"https:\/\/petridemosite.com.ar\/ema-servicios\/wp-json\/wp\/v2\/users\/1"}],"replies":[{"embeddable":true,"href":"https:\/\/petridemosite.com.ar\/ema-servicios\/wp-json\/wp\/v2\/comments?post=663"}],"version-history":[{"count":80,"href":"https:\/\/petridemosite.com.ar\/ema-servicios\/wp-json\/wp\/v2\/pages\/663\/revisions"}],"predecessor-version":[{"id":2580,"href":"https:\/\/petridemosite.com.ar\/ema-servicios\/wp-json\/wp\/v2\/pages\/663\/revisions\/2580"}],"up":[{"embeddable":true,"href":"https:\/\/petridemosite.com.ar\/ema-servicios\/wp-json\/wp\/v2\/pages\/2"}],"wp:attachment":[{"href":"https:\/\/petridemosite.com.ar\/ema-servicios\/wp-json\/wp\/v2\/media?parent=663"}],"curies":[{"name":"wp","href":"https:\/\/api.w.org\/{rel}","templated":true}]}}