{"id":928,"date":"2025-02-11T18:08:47","date_gmt":"2025-02-11T18:08:47","guid":{"rendered":"https:\/\/petridemosite.com.ar\/ema-servicios\/?page_id=928"},"modified":"2026-03-02T13:51:34","modified_gmt":"2026-03-02T13:51:34","slug":"servicios-en-redes-de-gas-natural","status":"publish","type":"page","link":"https:\/\/petridemosite.com.ar\/ema-servicios\/servicios\/servicios-en-redes-de-gas-natural\/","title":{"rendered":"Servicios en Redes de Gas Natural"},"content":{"rendered":"\t\t<div data-elementor-type=\"wp-page\" data-elementor-id=\"928\" class=\"elementor elementor-928\" data-elementor-post-type=\"page\">\n\t\t\t\t<div class=\"elementor-element elementor-element-f5622ef e-flex e-con-boxed e-con e-parent\" data-id=\"f5622ef\" data-element_type=\"container\" data-settings=\"{&quot;background_background&quot;:&quot;classic&quot;}\">\n\t\t\t\t\t<div class=\"e-con-inner\">\n\t\t<div class=\"elementor-element elementor-element-62db0cc e-con-full e-flex elementor-invisible e-con e-child\" data-id=\"62db0cc\" data-element_type=\"container\" data-settings=\"{&quot;animation&quot;:&quot;fadeIn&quot;}\">\n\t\t\t\t<\/div>\n\t\t\t\t\t<\/div>\n\t\t\t\t<\/div>\n\t\t<div class=\"elementor-element elementor-element-3b396d8 e-flex e-con-boxed elementor-invisible e-con e-parent\" data-id=\"3b396d8\" data-element_type=\"container\" data-settings=\"{&quot;background_background&quot;:&quot;classic&quot;,&quot;animation&quot;:&quot;slideInUp&quot;}\">\n\t\t\t\t\t<div class=\"e-con-inner\">\n\t\t<div class=\"elementor-element elementor-element-bddf790 e-con-full e-flex e-con e-child\" data-id=\"bddf790\" data-element_type=\"container\">\n\t\t<div class=\"elementor-element elementor-element-11945d2 e-con-full e-flex e-con e-child\" data-id=\"11945d2\" data-element_type=\"container\">\n\t\t\t\t<div class=\"elementor-element elementor-element-f1e092b elementor-widget elementor-widget-heading\" data-id=\"f1e092b\" data-element_type=\"widget\" data-widget_type=\"heading.default\">\n\t\t\t\t<div class=\"elementor-widget-container\">\n\t\t\t\t\t<h2 class=\"elementor-heading-title elementor-size-default\">Servicios en Redes de Gas Natural<\/h2>\t\t\t\t<\/div>\n\t\t\t\t<\/div>\n\t\t\t\t<div class=\"elementor-element elementor-element-82d38c3 elementor-widget elementor-widget-heading\" data-id=\"82d38c3\" data-element_type=\"widget\" data-widget_type=\"heading.default\">\n\t\t\t\t<div class=\"elementor-widget-container\">\n\t\t\t\t\t<h2 class=\"elementor-heading-title elementor-size-default\">Cortes y rehabilitaci\u00f3n de servicios\n\n<\/h2>\t\t\t\t<\/div>\n\t\t\t\t<\/div>\n\t\t\t\t<div class=\"elementor-element elementor-element-148e43c elementor-widget elementor-widget-text-editor\" data-id=\"148e43c\" data-element_type=\"widget\" data-widget_type=\"text-editor.default\">\n\t\t\t\t<div class=\"elementor-widget-container\">\n\t\t\t\t\t\t\t\t\t<p>Realizamos el corte del servicio por razones de seguridad o por falta de pago. Tambi\u00e9n brindamos el servicio de rehabilitaci\u00f3n, que incluye inspecci\u00f3n t\u00e9cnica en sitio, prueba de hermeticidad, retiro de precintos o cepos, apertura de v\u00e1lvula y restablecimiento del suministro. Finalmente, verificamos el correcto funcionamiento de los artefactos y emitimos el acta de rehabilitaci\u00f3n correspondiente.<\/p>\t\t\t\t\t\t\t\t<\/div>\n\t\t\t\t<\/div>\n\t\t\t\t<div class=\"elementor-element elementor-element-ec725af elementor-widget elementor-widget-heading\" data-id=\"ec725af\" data-element_type=\"widget\" data-widget_type=\"heading.default\">\n\t\t\t\t<div class=\"elementor-widget-container\">\n\t\t\t\t\t<h2 class=\"elementor-heading-title elementor-size-default\">Recambio de Medidores<\/h2>\t\t\t\t<\/div>\n\t\t\t\t<\/div>\n\t\t\t\t<div class=\"elementor-element elementor-element-dc1bd86 elementor-widget elementor-widget-text-editor\" data-id=\"dc1bd86\" data-element_type=\"widget\" data-widget_type=\"text-editor.default\">\n\t\t\t\t<div class=\"elementor-widget-container\">\n\t\t\t\t\t\t\t\t\t<p>El reemplazo del medidor se realiza por vencimiento, fallas t\u00e9cnicas, fugas, manipulaci\u00f3n o da\u00f1o del equipo. Tambi\u00e9n puede ser necesario por readecuaciones de la instalaci\u00f3n o por cambio de titularidad con inspecci\u00f3n obligatoria, garantizando la seguridad y el correcto funcionamiento del servicio.<\/p>\t\t\t\t\t\t\t\t<\/div>\n\t\t\t\t<\/div>\n\t\t\t\t<div class=\"elementor-element elementor-element-2afaed8 elementor-widget elementor-widget-heading\" data-id=\"2afaed8\" data-element_type=\"widget\" data-widget_type=\"heading.default\">\n\t\t\t\t<div class=\"elementor-widget-container\">\n\t\t\t\t\t<h2 class=\"elementor-heading-title elementor-size-default\">Servicio de control y Disciplina de mercado<\/h2>\t\t\t\t<\/div>\n\t\t\t\t<\/div>\n\t\t\t\t<div class=\"elementor-element elementor-element-83126af elementor-widget elementor-widget-text-editor\" data-id=\"83126af\" data-element_type=\"widget\" data-widget_type=\"text-editor.default\">\n\t\t\t\t<div class=\"elementor-widget-container\">\n\t\t\t\t\t\t\t\t\t<p>Se realizan tareas de control en la v\u00eda p\u00fablica a trav\u00e9s de m\u00f3dulos operativos, con el objetivo de identificar conexiones no autorizadas o verificar el correcto registro de consumos.<\/p>\t\t\t\t\t\t\t\t<\/div>\n\t\t\t\t<\/div>\n\t\t\t\t<div class=\"elementor-element elementor-element-5df2aad elementor-widget elementor-widget-heading\" data-id=\"5df2aad\" data-element_type=\"widget\" data-widget_type=\"heading.default\">\n\t\t\t\t<div class=\"elementor-widget-container\">\n\t\t\t\t\t<h2 class=\"elementor-heading-title elementor-size-default\">Detecci\u00f3n y Reparaci\u00f3n de Fugas de Gas en v\u00eda p\u00fablica.<\/h2>\t\t\t\t<\/div>\n\t\t\t\t<\/div>\n\t\t\t\t<div class=\"elementor-element elementor-element-f735220 elementor-widget elementor-widget-text-editor\" data-id=\"f735220\" data-element_type=\"widget\" data-widget_type=\"text-editor.default\">\n\t\t\t\t<div class=\"elementor-widget-container\">\n\t\t\t\t\t\t\t\t\t<p>Brindamos un servicio integral de detecci\u00f3n y reparaci\u00f3n de fugas de gas en instalaciones internas y externas, utilizando instrumental digital calibrado y ensayos de hermeticidad reglamentarios. Realizamos el diagn\u00f3stico preciso, la reparaci\u00f3n o reemplazo de los componentes comprometidos y la adecuaci\u00f3n a la normativa vigente, garantizando la restituci\u00f3n segura del suministro. El servicio incluye informe t\u00e9cnico y certificaci\u00f3n profesional.<\/p>\t\t\t\t\t\t\t\t<\/div>\n\t\t\t\t<\/div>\n\t\t\t\t<\/div>\n\t\t<div class=\"elementor-element elementor-element-9cc7f56 e-con-full e-flex e-con e-child\" data-id=\"9cc7f56\" data-element_type=\"container\" data-settings=\"{&quot;sticky&quot;:&quot;top&quot;,&quot;sticky_on&quot;:[&quot;desktop&quot;,&quot;tablet&quot;],&quot;sticky_parent&quot;:&quot;yes&quot;,&quot;sticky_offset&quot;:0,&quot;sticky_effects_offset&quot;:0,&quot;sticky_anchor_link_offset&quot;:0}\">\n\t\t\t\t<div class=\"elementor-element elementor-element-77b20a7 elementor-widget elementor-widget-gallery\" data-id=\"77b20a7\" data-element_type=\"widget\" data-settings=\"{&quot;columns&quot;:1,&quot;columns_tablet&quot;:1,&quot;lazyload&quot;:&quot;yes&quot;,&quot;gallery_layout&quot;:&quot;grid&quot;,&quot;columns_mobile&quot;:1,&quot;gap&quot;:{&quot;unit&quot;:&quot;px&quot;,&quot;size&quot;:10,&quot;sizes&quot;:[]},&quot;gap_tablet&quot;:{&quot;unit&quot;:&quot;px&quot;,&quot;size&quot;:10,&quot;sizes&quot;:[]},&quot;gap_mobile&quot;:{&quot;unit&quot;:&quot;px&quot;,&quot;size&quot;:10,&quot;sizes&quot;:[]},&quot;link_to&quot;:&quot;file&quot;,&quot;aspect_ratio&quot;:&quot;3:2&quot;,&quot;overlay_background&quot;:&quot;yes&quot;,&quot;content_hover_animation&quot;:&quot;fade-in&quot;}\" data-widget_type=\"gallery.default\">\n\t\t\t\t<div class=\"elementor-widget-container\">\n\t\t\t\t\t\t\t<div class=\"elementor-gallery__container\">\n\t\t\t\t\t\t\t<a class=\"e-gallery-item elementor-gallery-item elementor-animated-content\" href=\"https:\/\/petridemosite.com.ar\/ema-servicios\/wp-content\/uploads\/2025\/01\/DSC_0817.jpg\" data-elementor-open-lightbox=\"yes\" data-elementor-lightbox-slideshow=\"77b20a7\" data-elementor-lightbox-title=\"DSC_0817\" data-e-action-hash=\"#elementor-action%3Aaction%3Dlightbox%26settings%3DeyJpZCI6NzQwLCJ1cmwiOiJodHRwczpcL1wvcGV0cmlkZW1vc2l0ZS5jb20uYXJcL2VtYS1zZXJ2aWNpb3NcL3dwLWNvbnRlbnRcL3VwbG9hZHNcLzIwMjVcLzAxXC9EU0NfMDgxNy5qcGciLCJzbGlkZXNob3ciOiI3N2IyMGE3In0%3D\">\n\t\t\t\t\t<div class=\"e-gallery-image elementor-gallery-item__image\" data-thumbnail=\"https:\/\/petridemosite.com.ar\/ema-servicios\/wp-content\/uploads\/2025\/01\/DSC_0817.jpg\" data-width=\"800\" data-height=\"534\" aria-label=\"\" role=\"img\" ><\/div>\n\t\t\t\t\t\t\t\t\t\t\t<div class=\"elementor-gallery-item__overlay\"><\/div>\n\t\t\t\t\t\t\t\t\t\t\t\t\t\t<\/a>\n\t\t\t\t\t\t\t<a class=\"e-gallery-item elementor-gallery-item elementor-animated-content\" href=\"https:\/\/petridemosite.com.ar\/ema-servicios\/wp-content\/uploads\/2025\/01\/Cuadrilla-Metrogas.jpg\" data-elementor-open-lightbox=\"yes\" data-elementor-lightbox-slideshow=\"77b20a7\" data-elementor-lightbox-title=\"Cuadrilla Metrogas\" data-e-action-hash=\"#elementor-action%3Aaction%3Dlightbox%26settings%3DeyJpZCI6NzM5LCJ1cmwiOiJodHRwczpcL1wvcGV0cmlkZW1vc2l0ZS5jb20uYXJcL2VtYS1zZXJ2aWNpb3NcL3dwLWNvbnRlbnRcL3VwbG9hZHNcLzIwMjVcLzAxXC9DdWFkcmlsbGEtTWV0cm9nYXMuanBnIiwic2xpZGVzaG93IjoiNzdiMjBhNyJ9\">\n\t\t\t\t\t<div class=\"e-gallery-image elementor-gallery-item__image\" data-thumbnail=\"https:\/\/petridemosite.com.ar\/ema-servicios\/wp-content\/uploads\/2025\/01\/Cuadrilla-Metrogas.jpg\" data-width=\"800\" data-height=\"600\" aria-label=\"\" role=\"img\" ><\/div>\n\t\t\t\t\t\t\t\t\t\t\t<div class=\"elementor-gallery-item__overlay\"><\/div>\n\t\t\t\t\t\t\t\t\t\t\t\t\t\t<\/a>\n\t\t\t\t\t<\/div>\n\t\t\t\t\t<\/div>\n\t\t\t\t<\/div>\n\t\t\t\t<\/div>\n\t\t\t\t<\/div>\n\t\t\t\t\t<\/div>\n\t\t\t\t<\/div>\n\t\t<div class=\"elementor-element elementor-element-afbc64c elementor-hidden-desktop elementor-hidden-tablet elementor-hidden-mobile e-flex e-con-boxed elementor-invisible e-con e-parent\" data-id=\"afbc64c\" data-element_type=\"container\" data-settings=\"{&quot;background_background&quot;:&quot;classic&quot;,&quot;animation&quot;:&quot;slideInUp&quot;}\">\n\t\t\t\t\t<div class=\"e-con-inner\">\n\t\t<div class=\"elementor-element elementor-element-80b4907 e-con-full e-flex e-con e-child\" data-id=\"80b4907\" data-element_type=\"container\">\n\t\t\t\t<div class=\"elementor-element elementor-element-ba54929 elementor-widget elementor-widget-heading\" data-id=\"ba54929\" data-element_type=\"widget\" data-widget_type=\"heading.default\">\n\t\t\t\t<div class=\"elementor-widget-container\">\n\t\t\t\t\t<h2 class=\"elementor-heading-title elementor-size-default\">Cortes y rehabilitaci\u00f3n de servicios\n<\/h2>\t\t\t\t<\/div>\n\t\t\t\t<\/div>\n\t\t\t\t<div class=\"elementor-element elementor-element-ca5e1de elementor-widget elementor-widget-text-editor\" data-id=\"ca5e1de\" data-element_type=\"widget\" data-widget_type=\"text-editor.default\">\n\t\t\t\t<div class=\"elementor-widget-container\">\n\t\t\t\t\t\t\t\t\t<p>Implica la suspensi\u00f3n o reinstalaci\u00f3n del suministro de gas natural, asegurando el cumplimiento de las normativas y procedimientos establecidos por el cliente o entes regulatorios.<\/p>\t\t\t\t\t\t\t\t<\/div>\n\t\t\t\t<\/div>\n\t\t\t\t<div class=\"elementor-element elementor-element-1ac917d elementor-widget elementor-widget-heading\" data-id=\"1ac917d\" data-element_type=\"widget\" data-widget_type=\"heading.default\">\n\t\t\t\t<div class=\"elementor-widget-container\">\n\t\t\t\t\t<h2 class=\"elementor-heading-title elementor-size-default\">Servicio de control y Disciplina de mercado\n\n<\/h2>\t\t\t\t<\/div>\n\t\t\t\t<\/div>\n\t\t\t\t<div class=\"elementor-element elementor-element-59f81f2 elementor-widget elementor-widget-text-editor\" data-id=\"59f81f2\" data-element_type=\"widget\" data-widget_type=\"text-editor.default\">\n\t\t\t\t<div class=\"elementor-widget-container\">\n\t\t\t\t\t\t\t\t\t<p><span style=\"font-weight: 400;\">Se realizan tareas de control en la v\u00eda p\u00fablica a trav\u00e9s de m\u00f3dulos operativos, con el objetivo de identificar conexiones no autorizadas o verificar el correcto registro de consumos. Las anomal\u00edas detectadas se informan de manera detallada para garantizar el desarrollo eficiente y preciso de las actividades.<\/span><\/p>\t\t\t\t\t\t\t\t<\/div>\n\t\t\t\t<\/div>\n\t\t\t\t<div class=\"elementor-element elementor-element-60b7d01 elementor-widget elementor-widget-gallery\" data-id=\"60b7d01\" data-element_type=\"widget\" data-settings=\"{&quot;gallery_layout&quot;:&quot;justified&quot;,&quot;lazyload&quot;:&quot;yes&quot;,&quot;ideal_row_height&quot;:{&quot;unit&quot;:&quot;px&quot;,&quot;size&quot;:200,&quot;sizes&quot;:[]},&quot;ideal_row_height_tablet&quot;:{&quot;unit&quot;:&quot;px&quot;,&quot;size&quot;:150,&quot;sizes&quot;:[]},&quot;ideal_row_height_mobile&quot;:{&quot;unit&quot;:&quot;px&quot;,&quot;size&quot;:150,&quot;sizes&quot;:[]},&quot;gap&quot;:{&quot;unit&quot;:&quot;px&quot;,&quot;size&quot;:10,&quot;sizes&quot;:[]},&quot;gap_tablet&quot;:{&quot;unit&quot;:&quot;px&quot;,&quot;size&quot;:10,&quot;sizes&quot;:[]},&quot;gap_mobile&quot;:{&quot;unit&quot;:&quot;px&quot;,&quot;size&quot;:10,&quot;sizes&quot;:[]},&quot;link_to&quot;:&quot;file&quot;,&quot;overlay_background&quot;:&quot;yes&quot;,&quot;content_hover_animation&quot;:&quot;fade-in&quot;}\" data-widget_type=\"gallery.default\">\n\t\t\t\t<div class=\"elementor-widget-container\">\n\t\t\t\t\t\t\t<div class=\"elementor-gallery__container\">\n\t\t\t\t\t\t\t<a class=\"e-gallery-item elementor-gallery-item elementor-animated-content\" href=\"https:\/\/petridemosite.com.ar\/ema-servicios\/wp-content\/uploads\/2025\/01\/DSC_0817.jpg\" data-elementor-open-lightbox=\"yes\" data-elementor-lightbox-slideshow=\"60b7d01\" data-elementor-lightbox-title=\"DSC_0817\" data-e-action-hash=\"#elementor-action%3Aaction%3Dlightbox%26settings%3DeyJpZCI6NzQwLCJ1cmwiOiJodHRwczpcL1wvcGV0cmlkZW1vc2l0ZS5jb20uYXJcL2VtYS1zZXJ2aWNpb3NcL3dwLWNvbnRlbnRcL3VwbG9hZHNcLzIwMjVcLzAxXC9EU0NfMDgxNy5qcGciLCJzbGlkZXNob3ciOiI2MGI3ZDAxIn0%3D\">\n\t\t\t\t\t<div class=\"e-gallery-image elementor-gallery-item__image\" data-thumbnail=\"https:\/\/petridemosite.com.ar\/ema-servicios\/wp-content\/uploads\/2025\/01\/DSC_0817-300x200.jpg\" data-width=\"300\" data-height=\"200\" aria-label=\"\" role=\"img\" ><\/div>\n\t\t\t\t\t\t\t\t\t\t\t<div class=\"elementor-gallery-item__overlay\"><\/div>\n\t\t\t\t\t\t\t\t\t\t\t\t\t\t<\/a>\n\t\t\t\t\t\t\t<a class=\"e-gallery-item elementor-gallery-item elementor-animated-content\" href=\"https:\/\/petridemosite.com.ar\/ema-servicios\/wp-content\/uploads\/2025\/01\/Cuadrilla-Metrogas.jpg\" data-elementor-open-lightbox=\"yes\" data-elementor-lightbox-slideshow=\"60b7d01\" data-elementor-lightbox-title=\"Cuadrilla Metrogas\" data-e-action-hash=\"#elementor-action%3Aaction%3Dlightbox%26settings%3DeyJpZCI6NzM5LCJ1cmwiOiJodHRwczpcL1wvcGV0cmlkZW1vc2l0ZS5jb20uYXJcL2VtYS1zZXJ2aWNpb3NcL3dwLWNvbnRlbnRcL3VwbG9hZHNcLzIwMjVcLzAxXC9DdWFkcmlsbGEtTWV0cm9nYXMuanBnIiwic2xpZGVzaG93IjoiNjBiN2QwMSJ9\">\n\t\t\t\t\t<div class=\"e-gallery-image elementor-gallery-item__image\" data-thumbnail=\"https:\/\/petridemosite.com.ar\/ema-servicios\/wp-content\/uploads\/2025\/01\/Cuadrilla-Metrogas-300x225.jpg\" data-width=\"300\" data-height=\"225\" aria-label=\"\" role=\"img\" ><\/div>\n\t\t\t\t\t\t\t\t\t\t\t<div class=\"elementor-gallery-item__overlay\"><\/div>\n\t\t\t\t\t\t\t\t\t\t\t\t\t\t<\/a>\n\t\t\t\t\t<\/div>\n\t\t\t\t\t<\/div>\n\t\t\t\t<\/div>\n\t\t\t\t<\/div>\n\t\t<div class=\"elementor-element elementor-element-6b3d1a8 e-con-full elementor-hidden-desktop elementor-hidden-tablet elementor-hidden-mobile e-flex e-con e-child\" data-id=\"6b3d1a8\" data-element_type=\"container\">\n\t\t<div class=\"elementor-element elementor-element-905bd20 e-con-full e-flex e-con e-child\" data-id=\"905bd20\" data-element_type=\"container\" data-settings=\"{&quot;background_background&quot;:&quot;gradient&quot;}\">\n\t\t\t\t<div class=\"elementor-element elementor-element-d4a07e5 elementor-widget elementor-widget-heading\" data-id=\"d4a07e5\" data-element_type=\"widget\" data-widget_type=\"heading.default\">\n\t\t\t\t<div class=\"elementor-widget-container\">\n\t\t\t\t\t<h2 class=\"elementor-heading-title elementor-size-default\">Contacto<\/h2>\t\t\t\t<\/div>\n\t\t\t\t<\/div>\n\t\t\t\t<div class=\"elementor-element elementor-element-0944ec9 elementor-button-align-start elementor-widget elementor-widget-form\" data-id=\"0944ec9\" data-element_type=\"widget\" data-settings=\"{&quot;step_next_label&quot;:&quot;Next&quot;,&quot;step_previous_label&quot;:&quot;Previous&quot;,&quot;button_width&quot;:&quot;100&quot;,&quot;step_type&quot;:&quot;number_text&quot;,&quot;step_icon_shape&quot;:&quot;circle&quot;}\" data-widget_type=\"form.default\">\n\t\t\t\t<div class=\"elementor-widget-container\">\n\t\t\t\t\t\t\t<form class=\"elementor-form\" method=\"post\" name=\"New Form\">\n\t\t\t<input type=\"hidden\" name=\"post_id\" value=\"928\"\/>\n\t\t\t<input type=\"hidden\" name=\"form_id\" value=\"0944ec9\"\/>\n\t\t\t<input type=\"hidden\" name=\"referer_title\" value=\"Servicios en Redes de Gas Natural\" \/>\n\n\t\t\t\t\t\t\t<input type=\"hidden\" name=\"queried_id\" value=\"928\"\/>\n\t\t\t\n\t\t\t<div class=\"elementor-form-fields-wrapper elementor-labels-above\">\n\t\t\t\t\t\t\t\t<div class=\"elementor-field-type-text elementor-field-group elementor-column elementor-field-group-name elementor-col-100\">\n\t\t\t\t\t\t\t\t\t\t\t\t<label for=\"form-field-name\" class=\"elementor-field-label\">\n\t\t\t\t\t\t\t\tNombre\t\t\t\t\t\t\t<\/label>\n\t\t\t\t\t\t\t\t\t\t\t\t\t\t<input size=\"1\" type=\"text\" name=\"form_fields[name]\" id=\"form-field-name\" class=\"elementor-field elementor-size-sm  elementor-field-textual\" placeholder=\"Nombre\">\n\t\t\t\t\t\t\t\t\t\t\t<\/div>\n\t\t\t\t\t\t\t\t<div class=\"elementor-field-type-tel elementor-field-group elementor-column elementor-field-group-field_f311c82 elementor-col-100\">\n\t\t\t\t\t\t\t\t\t\t\t\t<label for=\"form-field-field_f311c82\" class=\"elementor-field-label\">\n\t\t\t\t\t\t\t\tTelefono\t\t\t\t\t\t\t<\/label>\n\t\t\t\t\t\t\t\t<input size=\"1\" type=\"tel\" name=\"form_fields[field_f311c82]\" id=\"form-field-field_f311c82\" class=\"elementor-field elementor-size-sm  elementor-field-textual\" placeholder=\"Telefono\" pattern=\"[0-9()#&amp;+*-=.]+\" title=\"Only numbers and phone characters (#, -, *, etc) are accepted.\">\n\n\t\t\t\t\t\t<\/div>\n\t\t\t\t\t\t\t\t<div class=\"elementor-field-type-email elementor-field-group elementor-column elementor-field-group-email elementor-col-100 elementor-field-required\">\n\t\t\t\t\t\t\t\t\t\t\t\t<label for=\"form-field-email\" class=\"elementor-field-label\">\n\t\t\t\t\t\t\t\tEmail\t\t\t\t\t\t\t<\/label>\n\t\t\t\t\t\t\t\t\t\t\t\t\t\t<input size=\"1\" type=\"email\" name=\"form_fields[email]\" id=\"form-field-email\" class=\"elementor-field elementor-size-sm  elementor-field-textual\" placeholder=\"Email\" required=\"required\">\n\t\t\t\t\t\t\t\t\t\t\t<\/div>\n\t\t\t\t\t\t\t\t<div class=\"elementor-field-type-textarea elementor-field-group elementor-column elementor-field-group-message elementor-col-100\">\n\t\t\t\t\t\t\t\t\t\t\t\t<label for=\"form-field-message\" class=\"elementor-field-label\">\n\t\t\t\t\t\t\t\tMensaje\t\t\t\t\t\t\t<\/label>\n\t\t\t\t\t\t<textarea class=\"elementor-field-textual elementor-field  elementor-size-sm\" name=\"form_fields[message]\" id=\"form-field-message\" rows=\"4\" placeholder=\"Escribe tu mensaje...\"><\/textarea>\t\t\t\t<\/div>\n\t\t\t\t\t\t\t\t<div class=\"elementor-field-group elementor-column elementor-field-type-submit elementor-col-100 e-form__buttons\">\n\t\t\t\t\t<button class=\"elementor-button elementor-size-sm\" type=\"submit\">\n\t\t\t\t\t\t<span class=\"elementor-button-content-wrapper\">\n\t\t\t\t\t\t\t\t\t\t\t\t\t\t\t\t\t\t\t\t\t\t<span class=\"elementor-button-text\">enviar mensaje<\/span>\n\t\t\t\t\t\t\t\t\t\t\t\t\t<\/span>\n\t\t\t\t\t<\/button>\n\t\t\t\t<\/div>\n\t\t\t<\/div>\n\t\t<\/form>\n\t\t\t\t\t\t<\/div>\n\t\t\t\t<\/div>\n\t\t\t\t<\/div>\n\t\t<div class=\"elementor-element elementor-element-7376455 e-con-full e-flex e-con e-child\" data-id=\"7376455\" data-element_type=\"container\">\n\t\t\t\t<div class=\"elementor-element elementor-element-c4dcf77 elementor-widget elementor-widget-heading\" data-id=\"c4dcf77\" data-element_type=\"widget\" data-widget_type=\"heading.default\">\n\t\t\t\t<div class=\"elementor-widget-container\">\n\t\t\t\t\t<h2 class=\"elementor-heading-title elementor-size-default\">Atenci\u00f3n al cliente<\/h2>\t\t\t\t<\/div>\n\t\t\t\t<\/div>\n\t\t\t\t<div class=\"elementor-element elementor-element-de939cd elementor-view-stacked elementor-shape-square elementor-position-left elementor-vertical-align-middle elementor-mobile-position-left elementor-vertical-align-top elementor-widget elementor-widget-icon-box\" data-id=\"de939cd\" data-element_type=\"widget\" data-widget_type=\"icon-box.default\">\n\t\t\t\t<div class=\"elementor-widget-container\">\n\t\t\t\t\t\t\t<div class=\"elementor-icon-box-wrapper\">\n\n\t\t\t\t\t\t<div class=\"elementor-icon-box-icon\">\n\t\t\t\t<span  class=\"elementor-icon\">\n\t\t\t\t<svg aria-hidden=\"true\" class=\"e-font-icon-svg e-fas-phone-alt\" viewBox=\"0 0 512 512\" xmlns=\"http:\/\/www.w3.org\/2000\/svg\"><path d=\"M497.39 361.8l-112-48a24 24 0 0 0-28 6.9l-49.6 60.6A370.66 370.66 0 0 1 130.6 204.11l60.6-49.6a23.94 23.94 0 0 0 6.9-28l-48-112A24.16 24.16 0 0 0 122.6.61l-104 24A24 24 0 0 0 0 48c0 256.5 207.9 464 464 464a24 24 0 0 0 23.4-18.6l24-104a24.29 24.29 0 0 0-14.01-27.6z\"><\/path><\/svg>\t\t\t\t<\/span>\n\t\t\t<\/div>\n\t\t\t\n\t\t\t\t\t\t<div class=\"elementor-icon-box-content\">\n\n\t\t\t\t\t\t\t\t\t<h3 class=\"elementor-icon-box-title\">\n\t\t\t\t\t\t<span  >\n\t\t\t\t\t\t\tTELEFONO\t\t\t\t\t\t<\/span>\n\t\t\t\t\t<\/h3>\n\t\t\t\t\n\t\t\t\t\t\t\t\t\t<p class=\"elementor-icon-box-description\">\n\t\t\t\t\t\t<a href=\"http:\/\/wa.me\/5491126851111\">54 9 11 2685 1111<\/a>\t\t\t\t\t<\/p>\n\t\t\t\t\n\t\t\t<\/div>\n\t\t\t\n\t\t<\/div>\n\t\t\t\t\t\t<\/div>\n\t\t\t\t<\/div>\n\t\t\t\t<div class=\"elementor-element elementor-element-2bea2c6 elementor-view-stacked elementor-shape-square elementor-position-left elementor-vertical-align-middle elementor-mobile-position-left elementor-widget elementor-widget-icon-box\" data-id=\"2bea2c6\" data-element_type=\"widget\" data-widget_type=\"icon-box.default\">\n\t\t\t\t<div class=\"elementor-widget-container\">\n\t\t\t\t\t\t\t<div class=\"elementor-icon-box-wrapper\">\n\n\t\t\t\t\t\t<div class=\"elementor-icon-box-icon\">\n\t\t\t\t<span  class=\"elementor-icon\">\n\t\t\t\t<svg xmlns=\"http:\/\/www.w3.org\/2000\/svg\" xmlns:xlink=\"http:\/\/www.w3.org\/1999\/xlink\" width=\"800px\" height=\"800px\" viewBox=\"0 -2.5 20 20\" fill=\"#ffffff\"><g id=\"SVGRepo_bgCarrier\" stroke-width=\"0\"><\/g><g id=\"SVGRepo_tracerCarrier\" stroke-linecap=\"round\" stroke-linejoin=\"round\"><\/g><g id=\"SVGRepo_iconCarrier\"><title>email [#ffffff]<\/title><desc>Created with Sketch.<\/desc><defs> <\/defs><g id=\"Page-1\" stroke=\"none\" stroke-width=\"1\" fill=\"none\" fill-rule=\"evenodd\"><g id=\"Dribbble-Light-Preview\" transform=\"translate(-340.000000, -922.000000)\" fill=\"#ffffff\"><g id=\"icons\" transform=\"translate(56.000000, 160.000000)\"><path d=\"M294,774.474 L284,765.649 L284,777 L304,777 L304,765.649 L294,774.474 Z M294.001,771.812 L284,762.981 L284,762 L304,762 L304,762.981 L294.001,771.812 Z\" id=\"email-[#ffffff]\"> <\/path><\/g><\/g><\/g><\/g><\/svg>\t\t\t\t<\/span>\n\t\t\t<\/div>\n\t\t\t\n\t\t\t\t\t\t<div class=\"elementor-icon-box-content\">\n\n\t\t\t\t\t\t\t\t\t<h3 class=\"elementor-icon-box-title\">\n\t\t\t\t\t\t<span  >\n\t\t\t\t\t\t\tEMAIL\t\t\t\t\t\t<\/span>\n\t\t\t\t\t<\/h3>\n\t\t\t\t\n\t\t\t\t\t\t\t\t\t<p class=\"elementor-icon-box-description\">\n\t\t\t\t\t\t<a href=\"mailto:info@emaservicios.com.ar\">info@emaservicios.com.ar<\/a>\t\t\t\t\t<\/p>\n\t\t\t\t\n\t\t\t<\/div>\n\t\t\t\n\t\t<\/div>\n\t\t\t\t\t\t<\/div>\n\t\t\t\t<\/div>\n\t\t\t\t<\/div>\n\t\t\t\t<\/div>\n\t\t\t\t\t<\/div>\n\t\t\t\t<\/div>\n\t\t\t\t<\/div>\n\t\t","protected":false},"excerpt":{"rendered":"<p>Servicios en Redes de Gas Natural Cortes y rehabilitaci\u00f3n de servicios Realizamos el corte del servicio por razones de seguridad o por falta de pago. Tambi\u00e9n brindamos el servicio de rehabilitaci\u00f3n, que incluye inspecci\u00f3n t\u00e9cnica en sitio, prueba de hermeticidad, retiro de precintos o cepos, apertura de v\u00e1lvula y restablecimiento del suministro. Finalmente, verificamos el&hellip;&nbsp;<a href=\"https:\/\/petridemosite.com.ar\/ema-servicios\/servicios\/servicios-en-redes-de-gas-natural\/\" rel=\"bookmark\">Leer m\u00e1s &raquo;<span class=\"screen-reader-text\">Servicios en Redes de Gas Natural<\/span><\/a><\/p>\n","protected":false},"author":1,"featured_media":0,"parent":2,"menu_order":0,"comment_status":"closed","ping_status":"closed","template":"page-templates\/template-pagebuilder-full-width.php","meta":{"_siteseo_robots_primary_cat":"","pagelayer_contact_templates":[],"_pagelayer_content":"","neve_meta_sidebar":"default","neve_meta_container":"full-width","neve_meta_enable_content_width":"","neve_meta_content_width":0,"neve_meta_title_alignment":"","neve_meta_author_avatar":"","neve_post_elements_order":"","neve_meta_disable_header":"","neve_meta_disable_footer":"","neve_meta_disable_title":"on","neve_meta_reading_time":"","_themeisle_gutenberg_block_has_review":false,"footnotes":""},"class_list":["post-928","page","type-page","status-publish","hentry"],"_links":{"self":[{"href":"https:\/\/petridemosite.com.ar\/ema-servicios\/wp-json\/wp\/v2\/pages\/928","targetHints":{"allow":["GET"]}}],"collection":[{"href":"https:\/\/petridemosite.com.ar\/ema-servicios\/wp-json\/wp\/v2\/pages"}],"about":[{"href":"https:\/\/petridemosite.com.ar\/ema-servicios\/wp-json\/wp\/v2\/types\/page"}],"author":[{"embeddable":true,"href":"https:\/\/petridemosite.com.ar\/ema-servicios\/wp-json\/wp\/v2\/users\/1"}],"replies":[{"embeddable":true,"href":"https:\/\/petridemosite.com.ar\/ema-servicios\/wp-json\/wp\/v2\/comments?post=928"}],"version-history":[{"count":40,"href":"https:\/\/petridemosite.com.ar\/ema-servicios\/wp-json\/wp\/v2\/pages\/928\/revisions"}],"predecessor-version":[{"id":2585,"href":"https:\/\/petridemosite.com.ar\/ema-servicios\/wp-json\/wp\/v2\/pages\/928\/revisions\/2585"}],"up":[{"embeddable":true,"href":"https:\/\/petridemosite.com.ar\/ema-servicios\/wp-json\/wp\/v2\/pages\/2"}],"wp:attachment":[{"href":"https:\/\/petridemosite.com.ar\/ema-servicios\/wp-json\/wp\/v2\/media?parent=928"}],"curies":[{"name":"wp","href":"https:\/\/api.w.org\/{rel}","templated":true}]}}